{"id":123,"date":"2019-10-15T10:23:04","date_gmt":"2019-10-15T08:23:04","guid":{"rendered":"https:\/\/emielcaron.nl\/?page_id=123"},"modified":"2022-07-02T14:44:52","modified_gmt":"2022-07-02T12:44:52","slug":"publications","status":"publish","type":"page","link":"https:\/\/emielcaron.nl\/?page_id=123","title":{"rendered":"Publications"},"content":{"rendered":"\n<h2 class=\"wp-block-heading\">Listing of research outputs<\/h2>\n\n\n\n<p><\/p>\n\n\n\n<h3 class=\"wp-block-heading\">2022<\/h3>\n\n\n\n<p>Weijs, D. and Caron, E.\u00a0(2022).\u00a0Customer Journey Analytics: A Model for Creating Diagnostic Insights with Process Mining<strong>.<\/strong>\u00a0\u00a0In\u00a0<em>Proceedings of the 17th International Conference on Software Technologies<\/em>, ISBN 978-989-758-588-3, ISSN 2184-2833, pages 418-424<\/p>\n\n\n\n<p>X. Zhang, X. Wei, C. X. J. Ou, E. Caron, H. Zhu and H. Xiong, (2022), &#8220;From Human-AI Confrontation to Human-AI Symbiosis in Society 5.0: Transformation Challenges and Mechanisms,&#8221; in\u00a0<em>IT Professional<\/em>, vol. 24, no. 3, pp. 43-51, 1 May-June 2022, <a href=\"https:\/\/ieeexplore.ieee.org\/document\/9811506\" target=\"_blank\" rel=\"noreferrer noopener\">doi: 10.1109\/MITP.2022.3175512<\/a> <\/p>\n\n\n\n<h3 class=\"wp-block-heading\">2021<\/h3>\n\n\n\n<p>Caron, E., &amp; Ioannou, E.\u00a0(2021).\u00a0Entity resolution in large patent databases: An optimization approach. In J. Filipe, M. Smialek, A. Brodsky, &amp; S. Hammoudi (Eds.),\u00a0<em>Proceedings of the 23th International Conference on Enterprise Information Systems (ICEIS 2021)\u00a0<\/em>(23 ed., Vol. 1, pp. 148-156). INSTICC Press.<\/p>\n\n\n\n<h3 class=\"wp-block-heading\">2020<\/h3>\n\n\n\n<p>Caron, E. (2020). An optimization method for entity resolution in databases: With a case study on the cleaning of scientific references in patent databases. <em>Proceedings of the 15th International Conference on Software Technologies<\/em> (ICSOFT 2020 &#8211; Online). van Sinderen, M., Fill, H-G. &amp; Maciaszek, L. (eds.). 15 ed. SciTePress, p. 625-632. <a href=\"https:\/\/doi.org\/10.5220\/0009972406250632\">https:\/\/doi.org\/10.5220\/0009972406250632<\/a><\/p>\n\n\n\n<p>We kindly acknowledge Wen Xin Lin for her contribution to this work.<\/p>\n\n\n\n<h3 class=\"wp-block-heading\">2019<\/h3>\n\n\n\n<p>Caron, E., &amp; Batisti\u010d, S. (2019). Knowledge hubs in competence analytics: With a case study in recruitment and selection. In M. Van Sinderen, &amp; L. Maciaszek (Eds.), <em>Proceedings of the 14th International Conference on Software Technologies <\/em>(Vol. 1, pp. 585-594). [ICSOFT19-RP-115] Prague. <a href=\"https:\/\/doi.org\/10.5220\/0008117805850594\">https:\/\/doi.org\/10.5220\/0008117805850594<\/a><\/p>\n\n\n\n<h3 class=\"wp-block-heading\">2018<\/h3>\n\n\n\n<p>Caron, E., &amp; Daniels, H. (2018). Sensitivity analysis in OLAP databases. In <em>Proceedings of the 20th International Conference on Enterprise Information Systems (ICEIS 2018) <\/em>(pp. 221-228). Madeira: SciTePress. <a href=\"https:\/\/doi.org\/10.5220\/0006791702210228\">https:\/\/doi.org\/10.5220\/0006791702210228<\/a><\/p>\n\n\n\n<h3 class=\"wp-block-heading\">2017<\/h3>\n\n\n\n<p>Caron, E. (2017). <em>Cleaning of scientific references in large patent databases using rule-based scoring and clustering<\/em>. Abstract from Conference on Cybermetrics, Scientometrics, Informetrics and Bibliometrics, Barcelona, Spain.        <\/p>\n\n\n\n<h3 class=\"wp-block-heading\">2016<\/h3>\n\n\n\n<p>Zhao, K., Caron, E., &amp; Guner, S. (2016). Large scale disambiguation of scientific references in patent databases. In I. Rafols, J. Molas-Gallart, E. Castro-Martinez, &amp; R. Woolley (Eds.), <em>Proceedings of 21st International Conference on Science and Technology Indicators (STI 2016) : Peripheries, frontiers and beyond <\/em>(pp. 1404-1410). Val\u00e8ncia (Spain): Editorial Universitat Polit\u00e8cnica de Val\u00e8ncia.  <\/p>\n\n\n\n<p>Hoogenboom, F. P., Frasincar, F., Kaymak, U., de Jong, F., &amp; Caron, E. A. M. (2016). A survey of event extraction methods from text for decision support systems. <em>Decision Support Systems<\/em>, <em>85<\/em>(C), 12-22 <a href=\"https:\/\/doi.org\/10.1016\/j.dss.2016.02.006\">https:\/\/doi.org\/10.1016\/j.dss.2016.02.006<\/a>        <\/p>\n\n\n\n<p>Caron, E. A. M., &amp; Daniels, H. (2016). Identification of organization name variants in large databases using rule-based scoring and clustering: With a case study on the Web of Science database. In <em>18th International Conference on Enterprise Information Systems (ICEIS 2016) <\/em>(Vol. 1, pp. 182-187). Rome, Italy: SciTePress.         <\/p>\n\n\n\n<h3 class=\"wp-block-heading\">2014<\/h3>\n\n\n\n<p>Caron, E., &amp; van Eck, N-J. (2014). Large scale author name disambiguation using rule-based scoring and clustering. In E. Noyons (Ed.), <em>Proceedings of the Science and Technology Indicators Conference 2014 <\/em>(pp. 79-86). Leiden: Universiteit Leiden.         <\/p>\n\n\n\n<h3 class=\"wp-block-heading\">2013<\/h3>\n\n\n\n<p>Caron, E. (2013). <em>Explanation of exceptional values in multi-dimensional business databases<\/em>. Rotterdam: Rotterdam School of Management (RSM), Erasmus University Rotterdam (EUR).        <\/p>\n\n\n\n<p>Caron, E. A. M., &amp; Dani\u00ebls, H. A. M. (2013). Explanatory analytics in OLAP. <em>International Journal of Business Intelligence Research<\/em>, <em>4<\/em>(3), 67-82.         <\/p>\n\n\n\n<h3 class=\"wp-block-heading\">2012<\/h3>\n\n\n\n<p>Caron, E. A. M., &amp; Dani\u00ebls, H. A. M. (2012). Explanatory analysis in business intelligence systems. In B. Dinter, &amp; S. Smolnik (Eds.), <em>Proceedings of the 20th European Conference on Information System (ECIS 2012) <\/em>(pp. 77-89). Barcelona: Unknown Publisher.         <\/p>\n\n\n\n<h3 class=\"wp-block-heading\">2011<\/h3>\n\n\n\n<p>Dani\u00ebls, H. A. M., &amp; Caron, E. A. M. (2011). Analysis of variance in OLAP information systems. In <em>Proceedings of the 8th International conference on Computational Management Science (CMS2011) <\/em>(pp. 18). Neuch\u00e2tel: Computer Science Department, University of Neuch\u00e2tel.         <\/p>\n\n\n\n<h3 class=\"wp-block-heading\">2010<\/h3>\n\n\n\n<p>Caron, E. A. M., &amp; Dani\u00ebls, H. A. M. (2010). What-if analysis in OLAP, with a case study in supermarket sales data. In J. Cordeiro (Ed.), <em>Proceedings of the 12th International Conference on Enterprise Information Systems (ICEIS 2010) <\/em>(pp. 208-213). Berlin: Springer Verlag.         <\/p>\n\n\n\n<h3 class=\"wp-block-heading\">2009<\/h3>\n\n\n\n<p>Dani\u00ebls, H. A. M., &amp; Caron, E. A. M. (2009). Automated explanation of financial data. <em>International Journal of Intelligent Systems in Accounting Finance &amp; Management<\/em>, <em>16<\/em>, 5-19.         <\/p>\n\n\n\n<p>Caron, E. A. M., &amp; Dani\u00ebls, H. A. M. (2009). Business analysis in the OLAP context. In <em>Proceedings of the 11th International Conference on Enterprise Information Systems (ICEIS 2009) <\/em>(pp. 325-331). Berlin: Springer Verlag.         <\/p>\n\n\n\n<p>Haasnoot, M., Caron, E., &amp; Goeyenbier, P. (2009). Naar een softwarematige analyse van bedrijfsprocessen voor auditing. <em>De EDP-auditor<\/em>, <em>18<\/em>, 28-34.         <\/p>\n\n\n\n<h3 class=\"wp-block-heading\">2008<\/h3>\n\n\n\n<p>Caron, E. A. M., &amp; Dani\u00ebls, H. A. M. (2008). Explanation of exceptional values in multidimensional databases. <em>European Journal of Operational Research<\/em>, <em>188<\/em>(3), 884-897. <a href=\"https:\/\/doi.org\/10.1016\/j.ejor.2007.04.039\">https:\/\/doi.org\/10.1016\/j.ejor.2007.04.039<\/a>        <\/p>\n\n\n\n<p>Caron, E. A. M., &amp; Dani\u00ebls, H. A. M. (2008). Extensions to the OLAP framework for business analysis. In J. Cordeiro, &amp; A. Ranchordas (Eds.), <em>Proceedings of the 3rd International Conference on Software and Data Technologies (ICSOFT) <\/em>(pp. 240-247). Berlin: Springer Verlag.         <\/p>\n\n\n\n<h3 class=\"wp-block-heading\">2007<\/h3>\n\n\n\n<p class=\"has-text-align-left\">Dani\u00ebls, H. A. M., &amp; Caron, E. A. M. (2007). Explanation generation in business performance models, with a case study in competition benchmarking. In J. Cardoso, J. Cordeiro, &amp; J. Filipe (Eds.), <em>Proceedings of the 9th International Conference on Enterprise Information Systems, Vol. 2 <\/em>(pp. 99-128). Spain: University of Madeira.         <\/p>\n\n\n\n<p>Caron, E., &amp; Veenstra, A. W. (2007). Explanation of exceptional values in multidimensional business databases: With a case study on the analysis of vehicle criminality data. In S. Yang , A. Artiba , G. Chen , Z. Xu, &amp; A. Thomas (Eds.), <em>Proceedings of the International Conference on Industrial Engineering and Systems Management (IESM 2007) <\/em>Beijing, CHINA: Tsinghua University Press.         <\/p>\n\n\n\n<h3 class=\"wp-block-heading\">2005<\/h3>\n\n\n\n<p>Caron, E. A. M., &amp; Dani\u00ebls, H. A. M. (2005). Automated business diagnosis in the OLAP context. In H. A. Fleuren, D. den Hertog, &amp; P. M. Kort (Eds.), <em>Operations Research Proceedings 2004 <\/em>(pp. 425-433). Springer Verlag.         <\/p>\n\n\n\n<h3 class=\"wp-block-heading\">2004<\/h3>\n\n\n\n<p>Caron, E. A. M., &amp; Dani\u00ebls, H. A. M. (2004). <em>Diagnosis in the OLAP Context<\/em>. (ERIM Research Paper; No. 2004-063-L). Rotterdam: ERIM.        <\/p>\n\n\n\n<p>Caron, E., &amp; Daniels, H. (2004). <em>Extending the OLAP Framework for Automated Explanatory Tasks<\/em>. Abstract from Conference on Computational Economics and Finance, Amsterdam, Netherlands.        <\/p>\n","protected":false},"excerpt":{"rendered":"<p>Listing of research outputs 2022 Weijs, D. and Caron, E.\u00a0(2022).\u00a0Customer Journey Analytics: A Model for Creating Diagnostic Insights with Process Mining.\u00a0\u00a0In\u00a0Proceedings of the 17th International Conference on Software Technologies, ISBN 978-989-758-588-3, ISSN 2184-2833, pages 418-424 X. Zhang, X. Wei, C. X. J. Ou, E. Caron, H. Zhu and H. Xiong, (2022), &#8220;From Human-AI Confrontation to &hellip; <\/p>\n<p class=\"link-more\"><a href=\"https:\/\/emielcaron.nl\/?page_id=123\" class=\"more-link\">Continue reading<span class=\"screen-reader-text\"> &#8220;Publications&#8221;<\/span><\/a><\/p>\n","protected":false},"author":1,"featured_media":0,"parent":0,"menu_order":0,"comment_status":"closed","ping_status":"closed","template":"","meta":{"footnotes":""},"class_list":["post-123","page","type-page","status-publish","hentry"],"yoast_head":"<!-- This site is optimized with the Yoast SEO plugin v27.4 - https:\/\/yoast.com\/product\/yoast-seo-wordpress\/ -->\n<title>Publications - Emiel Caron<\/title>\n<meta name=\"robots\" content=\"index, follow, max-snippet:-1, max-image-preview:large, max-video-preview:-1\" \/>\n<link rel=\"canonical\" href=\"https:\/\/emielcaron.nl\/?page_id=123\" \/>\n<meta property=\"og:locale\" content=\"en_US\" \/>\n<meta property=\"og:type\" content=\"article\" \/>\n<meta property=\"og:title\" content=\"Publications - Emiel Caron\" \/>\n<meta property=\"og:description\" content=\"Listing of research outputs 2022 Weijs, D. and Caron, E.\u00a0(2022).\u00a0Customer Journey Analytics: A Model for Creating Diagnostic Insights with Process Mining.\u00a0\u00a0In\u00a0Proceedings of the 17th International Conference on Software Technologies, ISBN 978-989-758-588-3, ISSN 2184-2833, pages 418-424 X. Zhang, X. Wei, C. X. J. Ou, E. Caron, H. Zhu and H. Xiong, (2022), &#8220;From Human-AI Confrontation to &hellip; Continue reading &quot;Publications&quot;\" \/>\n<meta property=\"og:url\" content=\"https:\/\/emielcaron.nl\/?page_id=123\" \/>\n<meta property=\"og:site_name\" content=\"Emiel Caron\" \/>\n<meta property=\"article:modified_time\" content=\"2022-07-02T12:44:52+00:00\" \/>\n<meta name=\"twitter:card\" content=\"summary_large_image\" \/>\n<meta name=\"twitter:label1\" content=\"Est. reading time\" \/>\n\t<meta name=\"twitter:data1\" content=\"5 minutes\" \/>\n<script type=\"application\/ld+json\" class=\"yoast-schema-graph\">{\"@context\":\"https:\\\/\\\/schema.org\",\"@graph\":[{\"@type\":\"WebPage\",\"@id\":\"https:\\\/\\\/emielcaron.nl\\\/?page_id=123\",\"url\":\"https:\\\/\\\/emielcaron.nl\\\/?page_id=123\",\"name\":\"Publications - Emiel Caron\",\"isPartOf\":{\"@id\":\"https:\\\/\\\/emielcaron.nl\\\/#website\"},\"datePublished\":\"2019-10-15T08:23:04+00:00\",\"dateModified\":\"2022-07-02T12:44:52+00:00\",\"breadcrumb\":{\"@id\":\"https:\\\/\\\/emielcaron.nl\\\/?page_id=123#breadcrumb\"},\"inLanguage\":\"en-US\",\"potentialAction\":[{\"@type\":\"ReadAction\",\"target\":[\"https:\\\/\\\/emielcaron.nl\\\/?page_id=123\"]}]},{\"@type\":\"BreadcrumbList\",\"@id\":\"https:\\\/\\\/emielcaron.nl\\\/?page_id=123#breadcrumb\",\"itemListElement\":[{\"@type\":\"ListItem\",\"position\":1,\"name\":\"Home\",\"item\":\"https:\\\/\\\/emielcaron.nl\\\/\"},{\"@type\":\"ListItem\",\"position\":2,\"name\":\"Publications\"}]},{\"@type\":\"WebSite\",\"@id\":\"https:\\\/\\\/emielcaron.nl\\\/#website\",\"url\":\"https:\\\/\\\/emielcaron.nl\\\/\",\"name\":\"Emiel Caron\",\"description\":\"PhD, Lecturer &amp; Researcher in Business Intelligence &amp; Analytics, Data science\",\"publisher\":{\"@id\":\"https:\\\/\\\/emielcaron.nl\\\/#\\\/schema\\\/person\\\/992b3c38031ce991eef0e83dd12e11cd\"},\"potentialAction\":[{\"@type\":\"SearchAction\",\"target\":{\"@type\":\"EntryPoint\",\"urlTemplate\":\"https:\\\/\\\/emielcaron.nl\\\/?s={search_term_string}\"},\"query-input\":{\"@type\":\"PropertyValueSpecification\",\"valueRequired\":true,\"valueName\":\"search_term_string\"}}],\"inLanguage\":\"en-US\"},{\"@type\":[\"Person\",\"Organization\"],\"@id\":\"https:\\\/\\\/emielcaron.nl\\\/#\\\/schema\\\/person\\\/992b3c38031ce991eef0e83dd12e11cd\",\"name\":\"Emiel Caron\",\"image\":{\"@type\":\"ImageObject\",\"inLanguage\":\"en-US\",\"@id\":\"https:\\\/\\\/secure.gravatar.com\\\/avatar\\\/16d7767d69c769cde896a0f5e53533595a081cfaeab0aca485f4736e51e08ae0?s=96&d=mm&r=g\",\"url\":\"https:\\\/\\\/secure.gravatar.com\\\/avatar\\\/16d7767d69c769cde896a0f5e53533595a081cfaeab0aca485f4736e51e08ae0?s=96&d=mm&r=g\",\"contentUrl\":\"https:\\\/\\\/secure.gravatar.com\\\/avatar\\\/16d7767d69c769cde896a0f5e53533595a081cfaeab0aca485f4736e51e08ae0?s=96&d=mm&r=g\",\"caption\":\"Emiel Caron\"},\"logo\":{\"@id\":\"https:\\\/\\\/secure.gravatar.com\\\/avatar\\\/16d7767d69c769cde896a0f5e53533595a081cfaeab0aca485f4736e51e08ae0?s=96&d=mm&r=g\"}}]}<\/script>\n<!-- \/ Yoast SEO plugin. -->","yoast_head_json":{"title":"Publications - Emiel Caron","robots":{"index":"index","follow":"follow","max-snippet":"max-snippet:-1","max-image-preview":"max-image-preview:large","max-video-preview":"max-video-preview:-1"},"canonical":"https:\/\/emielcaron.nl\/?page_id=123","og_locale":"en_US","og_type":"article","og_title":"Publications - Emiel Caron","og_description":"Listing of research outputs 2022 Weijs, D. and Caron, E.\u00a0(2022).\u00a0Customer Journey Analytics: A Model for Creating Diagnostic Insights with Process Mining.\u00a0\u00a0In\u00a0Proceedings of the 17th International Conference on Software Technologies, ISBN 978-989-758-588-3, ISSN 2184-2833, pages 418-424 X. Zhang, X. Wei, C. X. J. Ou, E. Caron, H. Zhu and H. Xiong, (2022), &#8220;From Human-AI Confrontation to &hellip; Continue reading \"Publications\"","og_url":"https:\/\/emielcaron.nl\/?page_id=123","og_site_name":"Emiel Caron","article_modified_time":"2022-07-02T12:44:52+00:00","twitter_card":"summary_large_image","twitter_misc":{"Est. reading time":"5 minutes"},"schema":{"@context":"https:\/\/schema.org","@graph":[{"@type":"WebPage","@id":"https:\/\/emielcaron.nl\/?page_id=123","url":"https:\/\/emielcaron.nl\/?page_id=123","name":"Publications - Emiel Caron","isPartOf":{"@id":"https:\/\/emielcaron.nl\/#website"},"datePublished":"2019-10-15T08:23:04+00:00","dateModified":"2022-07-02T12:44:52+00:00","breadcrumb":{"@id":"https:\/\/emielcaron.nl\/?page_id=123#breadcrumb"},"inLanguage":"en-US","potentialAction":[{"@type":"ReadAction","target":["https:\/\/emielcaron.nl\/?page_id=123"]}]},{"@type":"BreadcrumbList","@id":"https:\/\/emielcaron.nl\/?page_id=123#breadcrumb","itemListElement":[{"@type":"ListItem","position":1,"name":"Home","item":"https:\/\/emielcaron.nl\/"},{"@type":"ListItem","position":2,"name":"Publications"}]},{"@type":"WebSite","@id":"https:\/\/emielcaron.nl\/#website","url":"https:\/\/emielcaron.nl\/","name":"Emiel Caron","description":"PhD, Lecturer &amp; Researcher in Business Intelligence &amp; Analytics, Data science","publisher":{"@id":"https:\/\/emielcaron.nl\/#\/schema\/person\/992b3c38031ce991eef0e83dd12e11cd"},"potentialAction":[{"@type":"SearchAction","target":{"@type":"EntryPoint","urlTemplate":"https:\/\/emielcaron.nl\/?s={search_term_string}"},"query-input":{"@type":"PropertyValueSpecification","valueRequired":true,"valueName":"search_term_string"}}],"inLanguage":"en-US"},{"@type":["Person","Organization"],"@id":"https:\/\/emielcaron.nl\/#\/schema\/person\/992b3c38031ce991eef0e83dd12e11cd","name":"Emiel Caron","image":{"@type":"ImageObject","inLanguage":"en-US","@id":"https:\/\/secure.gravatar.com\/avatar\/16d7767d69c769cde896a0f5e53533595a081cfaeab0aca485f4736e51e08ae0?s=96&d=mm&r=g","url":"https:\/\/secure.gravatar.com\/avatar\/16d7767d69c769cde896a0f5e53533595a081cfaeab0aca485f4736e51e08ae0?s=96&d=mm&r=g","contentUrl":"https:\/\/secure.gravatar.com\/avatar\/16d7767d69c769cde896a0f5e53533595a081cfaeab0aca485f4736e51e08ae0?s=96&d=mm&r=g","caption":"Emiel Caron"},"logo":{"@id":"https:\/\/secure.gravatar.com\/avatar\/16d7767d69c769cde896a0f5e53533595a081cfaeab0aca485f4736e51e08ae0?s=96&d=mm&r=g"}}]}},"_links":{"self":[{"href":"https:\/\/emielcaron.nl\/index.php?rest_route=\/wp\/v2\/pages\/123","targetHints":{"allow":["GET"]}}],"collection":[{"href":"https:\/\/emielcaron.nl\/index.php?rest_route=\/wp\/v2\/pages"}],"about":[{"href":"https:\/\/emielcaron.nl\/index.php?rest_route=\/wp\/v2\/types\/page"}],"author":[{"embeddable":true,"href":"https:\/\/emielcaron.nl\/index.php?rest_route=\/wp\/v2\/users\/1"}],"replies":[{"embeddable":true,"href":"https:\/\/emielcaron.nl\/index.php?rest_route=%2Fwp%2Fv2%2Fcomments&post=123"}],"version-history":[{"count":12,"href":"https:\/\/emielcaron.nl\/index.php?rest_route=\/wp\/v2\/pages\/123\/revisions"}],"predecessor-version":[{"id":342,"href":"https:\/\/emielcaron.nl\/index.php?rest_route=\/wp\/v2\/pages\/123\/revisions\/342"}],"wp:attachment":[{"href":"https:\/\/emielcaron.nl\/index.php?rest_route=%2Fwp%2Fv2%2Fmedia&parent=123"}],"curies":[{"name":"wp","href":"https:\/\/api.w.org\/{rel}","templated":true}]}}